{"id":68,"date":"2020-10-14T09:28:52","date_gmt":"2020-10-14T07:28:52","guid":{"rendered":"https:\/\/ellaapartments.cz\/contact\/"},"modified":"2025-06-02T18:56:58","modified_gmt":"2025-06-02T16:56:58","slug":"kontakty","status":"publish","type":"page","link":"https:\/\/ellaapartments.cz\/en\/kontakty\/","title":{"rendered":"Contacts"},"content":{"rendered":"<div data-elementor-type=\"wp-page\" data-elementor-id=\"68\" class=\"elementor elementor-68\">\n\t\t\t\t\t\t<section class=\"elementor-section elementor-top-section elementor-element elementor-element-c5e5f0b elementor-section-boxed elementor-section-height-default elementor-section-height-default\" data-id=\"c5e5f0b\" data-element_type=\"section\">\n\t\t\t\t\t\t<div class=\"elementor-container elementor-column-gap-no\">\n\t\t\t\t\t<div class=\"aux-parallax-section elementor-column elementor-col-100 elementor-top-column elementor-element elementor-element-e380fb8\" data-id=\"e380fb8\" data-element_type=\"column\" data-settings=\"{&quot;background_background&quot;:&quot;classic&quot;}\">\n\t\t\t<div class=\"elementor-widget-wrap elementor-element-populated\">\n\t\t\t\t\t\t<div class=\"elementor-element elementor-element-8c608df aux-appear-watch-animation aux-fade-in-up-1 elementor-widget elementor-widget-aux_modern_heading\" data-id=\"8c608df\" data-element_type=\"widget\" data-widget_type=\"aux_modern_heading.default\">\n\t\t\t\t<div class=\"elementor-widget-container\">\n\t\t\t<section class=\"aux-widget-modern-heading\">\n            <div class=\"aux-widget-inner\"><h5 class=\"aux-modern-heading-primary\"><\/h5><h3 class=\"aux-modern-heading-secondary\"><span class=\"aux-head-before\">Get in touch<\/span><\/h3><\/div>\n        <\/section>\t\t<\/div>\n\t\t\t\t<\/div>\n\t\t\t\t<section class=\"elementor-section elementor-inner-section elementor-element elementor-element-7d936d8 elementor-section-boxed elementor-section-height-default elementor-section-height-default\" data-id=\"7d936d8\" data-element_type=\"section\">\n\t\t\t\t\t\t<div class=\"elementor-container elementor-column-gap-no\">\n\t\t\t\t\t<div class=\"aux-parallax-section elementor-column elementor-col-33 elementor-inner-column elementor-element elementor-element-0a526ed\" data-id=\"0a526ed\" data-element_type=\"column\">\n\t\t\t<div class=\"elementor-widget-wrap elementor-element-populated\">\n\t\t\t\t\t\t<div class=\"elementor-element elementor-element-e100672 aux-appear-watch-animation aux-fade-in-left-2 elementor-widget elementor-widget-aux_text\" data-id=\"e100672\" data-element_type=\"widget\" data-widget_type=\"aux_text.default\">\n\t\t\t\t<div class=\"elementor-widget-container\">\n\t\t\t<section class=\"widget-container aux-widget-text aux-parent-aubf48b70d\">        <div class=\"aux-widget-advanced-text aux-wrap-style-simple aux-ico-pos-top aux-text-center aux-text-resp-center aux-text-color-dark aux-text-widget-bg-center\" >\n        \n                            <div class=\"aux-text-widget-header\"  >\n                        <div class=\"aux-ico-box aux-ico-large aux-ico-clear\">\n                                                                <svg height=\"90px\" width=\"90px\" id=\"_x32_\" xmlns=\"http:\/\/www.w3.org\/2000\/svg\" viewbox=\"0 0 512 512\" fill=\"#3d80ea\"><g id=\"SVGRepo_bgCarrier\" stroke-width=\"0\"><\/g><g id=\"SVGRepo_tracerCarrier\"><\/g><g id=\"SVGRepo_iconCarrier\"> <style type=\"text\/css\"> .st0{fill:#3d80ea;} <\/style> <g> <path class=\"st0\" d=\"M510.678,112.275c-2.308-11.626-7.463-22.265-14.662-31.054c-1.518-1.915-3.104-3.63-4.823-5.345 c-12.755-12.818-30.657-20.814-50.214-20.814H71.021c-19.557,0-37.395,7.996-50.21,20.814c-1.715,1.715-3.301,3.43-4.823,5.345 C8.785,90.009,3.63,100.649,1.386,112.275C0.464,116.762,0,121.399,0,126.087V385.92c0,9.968,2.114,19.55,5.884,28.203 c3.497,8.26,8.653,15.734,14.926,22.001c1.59,1.586,3.169,3.044,4.892,4.494c12.286,10.175,28.145,16.32,45.319,16.32h369.958 c17.18,0,33.108-6.145,45.323-16.384c1.718-1.386,3.305-2.844,4.891-4.43c6.27-6.267,11.425-13.741,14.994-22.001v-0.064 c3.769-8.653,5.812-18.171,5.812-28.138V126.087C512,121.399,511.543,116.762,510.678,112.275z M46.509,101.571 c6.345-6.338,14.866-10.175,24.512-10.175h369.958c9.646,0,18.242,3.837,24.512,10.175c1.122,1.129,2.179,2.387,3.112,3.637 L274.696,274.203c-5.348,4.687-11.954,7.002-18.696,7.002c-6.674,0-13.276-2.315-18.695-7.002L43.472,105.136 C44.33,103.886,45.387,102.7,46.509,101.571z M36.334,385.92V142.735L176.658,265.15L36.405,387.435 C36.334,386.971,36.334,386.449,36.334,385.92z M440.979,420.597H71.021c-6.281,0-12.158-1.651-17.174-4.552l147.978-128.959 l13.815,12.018c11.561,10.046,26.028,15.134,40.36,15.134c14.406,0,28.872-5.088,40.432-15.134l13.808-12.018l147.92,128.959 C453.137,418.946,447.26,420.597,440.979,420.597z M475.666,385.92c0,0.529,0,1.051-0.068,1.515L335.346,265.221L475.666,142.8 V385.92z\"><\/path> <\/g> <\/g><\/svg>                                                    <\/div>\n                <\/div>\n            \n            <div class=\"aux-text-inner aux-text-widget-content\">\n                                <h4 class=\"col-title\">Email:<\/h4>\n                                <div class=\"widget-content\">\n                                        <p>info@ellaapartments.cz<\/p>                <\/div>\n                            <\/div>\n        <\/div>\n                    <div class=\"aux-text-widget-footer\">\n                <div class=\"aux-border-shape-none\">\n                                <\/div>\n            <\/div>\n        \n<\/section><!-- widget-container -->\t\t<\/div>\n\t\t\t\t<\/div>\n\t\t\t\t\t<\/div>\n\t\t<\/div>\n\t\t\t\t<div class=\"aux-parallax-section elementor-column elementor-col-33 elementor-inner-column elementor-element elementor-element-155cd0e\" data-id=\"155cd0e\" data-element_type=\"column\">\n\t\t\t<div class=\"elementor-widget-wrap elementor-element-populated\">\n\t\t\t\t\t\t<div class=\"elementor-element elementor-element-c889d72 aux-appear-watch-animation aux-scale-down-1 elementor-widget elementor-widget-aux_text\" data-id=\"c889d72\" data-element_type=\"widget\" data-widget_type=\"aux_text.default\">\n\t\t\t\t<div class=\"elementor-widget-container\">\n\t\t\t<section class=\"widget-container aux-widget-text aux-parent-aud86ac9bf\">        <div class=\"aux-widget-advanced-text aux-wrap-style-simple aux-ico-pos-top aux-text-center aux-text-resp-center aux-text-color-dark aux-text-widget-bg-center\" >\n        \n                            <div class=\"aux-text-widget-header\"  >\n                        <div class=\"aux-ico-box aux-ico-large aux-ico-clear\">\n                                                                <svg height=\"90px\" width=\"90px\" id=\"_x32_\" xmlns=\"http:\/\/www.w3.org\/2000\/svg\" viewbox=\"0 0 512 512\" fill=\"#3d80ea\"><g id=\"SVGRepo_bgCarrier\" stroke-width=\"0\"><\/g><g id=\"SVGRepo_tracerCarrier\"><\/g><g id=\"SVGRepo_iconCarrier\"> <style type=\"text\/css\"> .st0{fill:#3d80ea;} <\/style> <g> <path class=\"st0\" d=\"M255.998,0.002C114.606,0.012,0.01,114.604,0,256c0.01,141.406,114.65,255.328,255.926,255.998h0.334 l0.297-0.009c27.124,0.038,49.507-8.527,64.961-22.594c15.468-14.01,23.727-33.254,23.708-52.736 c0.02-9.148-1.914-18.306-5.521-27.024c6.086-3.464,10.143-6.612,11.301-7.444c4.152-2.957,16-18.766,7.693-31.79 c-8.344-13.014-38.042-42.678-46.152-47.702c-8.086-5.015-21.598-0.124-28.105,9.426c-6.526,9.55-11.674,6.689-11.674,6.689 s-18.516-14.957-44.124-66.621c-25.607-51.694-26.263-75.454-26.263-75.454s0.833-5.847,12.388-5.263 c11.53,0.621,23.598-7.168,24.516-16.66c0.928-9.464-4.698-51.091-10-65.598c-5.316-14.516-25.062-14.65-29.928-13.138 c-4.89,1.502-55.033,13.712-59.014,66.21c-3.966,52.506,9.565,100.18,28.943,139.309c19.387,39.119,49.128,78.765,93.3,107.406 c17.89,11.598,35.058,13.1,49.493,10.67c2.483,5.54,3.718,11.291,3.746,16.985c-0.028,11.292-4.621,22.354-14.066,30.966 c-9.469,8.564-24.071,14.928-45.2,14.967l-0.516,0.009C130.797,481.96,29.387,381.09,29.397,256 c0.01-62.621,25.339-119.186,66.367-160.237c41.053-41.023,97.612-66.354,160.234-66.364c62.621,0.01,119.181,25.34,160.232,66.364 c41.033,41.052,66.354,97.606,66.373,160.237c-0.01,38.67-9.666,74.966-26.698,106.784c-9.531,17.837-21.397,34.23-35.177,48.812 c-5.569,5.905-5.301,15.206,0.594,20.776c5.894,5.578,15.205,5.32,20.784-0.584c15.54-16.46,28.937-34.976,39.712-55.139 C501.071,340.717,512,299.589,512,256C511.98,114.604,397.389,0.012,255.998,0.002z\"><\/path> <\/g> <\/g><\/svg>                                                    <\/div>\n                <\/div>\n            \n            <div class=\"aux-text-inner aux-text-widget-content\">\n                                <h4 class=\"col-title\">Phone:<\/h4>\n                                <div class=\"widget-content\">\n                                        <p>+420 774 428 879<\/p>                <\/div>\n                            <\/div>\n        <\/div>\n                    <div class=\"aux-text-widget-footer\">\n                <div class=\"aux-border-shape-none\">\n                                <\/div>\n            <\/div>\n        \n<\/section><!-- widget-container -->\t\t<\/div>\n\t\t\t\t<\/div>\n\t\t\t\t\t<\/div>\n\t\t<\/div>\n\t\t\t\t<div class=\"aux-parallax-section elementor-column elementor-col-33 elementor-inner-column elementor-element elementor-element-18b282d\" data-id=\"18b282d\" data-element_type=\"column\">\n\t\t\t<div class=\"elementor-widget-wrap elementor-element-populated\">\n\t\t\t\t\t\t<div class=\"elementor-element elementor-element-cd2f62c aux-appear-watch-animation aux-fade-in-right-2 elementor-widget elementor-widget-aux_text\" data-id=\"cd2f62c\" data-element_type=\"widget\" data-widget_type=\"aux_text.default\">\n\t\t\t\t<div class=\"elementor-widget-container\">\n\t\t\t<section class=\"widget-container aux-widget-text aux-parent-au7d035c04\">        <div class=\"aux-widget-advanced-text aux-wrap-style-simple aux-ico-pos-top aux-text-center aux-text-resp-center aux-text-color-dark aux-text-widget-bg-center\" >\n        \n                            <div class=\"aux-text-widget-header\"  >\n                        <div class=\"aux-ico-box aux-ico-large aux-ico-clear\">\n                                                                <svg fill=\"#3d80ea\" height=\"90px\" width=\"90px\" id=\"Layer_1\" xmlns=\"http:\/\/www.w3.org\/2000\/svg\" viewbox=\"0 0 512 512\"><g id=\"SVGRepo_bgCarrier\" stroke-width=\"0\"><\/g><g id=\"SVGRepo_tracerCarrier\"><\/g><g id=\"SVGRepo_iconCarrier\"> <g> <g> <path d=\"M349.15,405.167c-4.081-4.08-10.696-4.08-14.777,0l-0.097,0.097c-4.08,4.08-4.08,10.697,0,14.778 c2.041,2.041,4.715,3.06,7.388,3.06c2.674,0,5.348-1.02,7.388-3.06l0.097-0.097C353.23,415.864,353.23,409.248,349.15,405.167z\"><\/path> <\/g> <\/g> <g> <g> <path d=\"M253.918,166.512c-5.77,0-10.449,4.678-10.449,10.449v0.264c0,5.771,4.679,10.449,10.449,10.449 c5.77,0,10.449-4.678,10.449-10.449v-0.264C264.367,171.19,259.687,166.512,253.918,166.512z\"><\/path> <\/g> <\/g> <g> <g> <path d=\"M344.806,166.512c-5.77,0-10.449,4.678-10.449,10.449v0.264c0,5.771,4.679,10.449,10.449,10.449 c5.77,0,10.449-4.678,10.449-10.449v-0.264C355.255,171.19,350.577,166.512,344.806,166.512z\"><\/path> <\/g> <\/g> <g> <g> <path d=\"M455.75,190.781h-59.726v-49.11h29.257v3.345c0,5.771,4.679,10.449,10.449,10.449c5.77,0,10.449-4.678,10.449-10.449 v-13.794c0-5.771-4.679-10.449-10.449-10.449h-50.155c-5.77,0-10.449,4.678-10.449,10.449v59.559H305.1v-49.11h29.257v3.345 c0,5.771,4.679,10.449,10.449,10.449c5.77,0,10.449-4.678,10.449-10.449v-13.794c0-5.771-4.679-10.449-10.449-10.449h-50.155 c-5.77,0-10.449,4.678-10.449,10.449v59.559h-69.99v-49.11h29.257v3.345c0,5.771,4.679,10.449,10.449,10.449 c5.77,0,10.449-4.678,10.449-10.449v-13.794c0-5.771-4.679-10.449-10.449-10.449h-50.155c-5.77,0-10.449,4.678-10.449,10.449 v59.559h-9.586c-5.77,0-10.449,4.678-10.449,10.449c0,5.771,4.679,10.449,10.449,10.449H455.75c5.77,0,10.449-4.678,10.449-10.449 C466.199,195.459,461.52,190.781,455.75,190.781z\"><\/path> <\/g> <\/g> <g> <g> <path d=\"M435.73,166.512c-5.77,0-10.449,4.678-10.449,10.449v0.264c0,5.771,4.679,10.449,10.449,10.449 c5.77,0,10.449-4.678,10.449-10.449v-0.264C446.179,171.19,441.5,166.512,435.73,166.512z\"><\/path> <\/g> <\/g> <g> <g> <path d=\"M253.918,281.364c-5.77,0-10.449,4.678-10.449,10.449v0.264c0,5.771,4.679,10.449,10.449,10.449 c5.77,0,10.449-4.678,10.449-10.449v-0.264C264.367,286.042,259.687,281.364,253.918,281.364z\"><\/path> <\/g> <\/g> <g> <g> <path d=\"M344.806,281.364c-5.77,0-10.449,4.678-10.449,10.449v0.264c0,5.771,4.679,10.449,10.449,10.449 c5.77,0,10.449-4.678,10.449-10.449v-0.264C355.255,286.042,350.577,281.364,344.806,281.364z\"><\/path> <\/g> <\/g> <g> <g> <path d=\"M455.75,305.633h-59.726v-51.374h29.257v3.345c0,5.771,4.679,10.449,10.449,10.449c5.77,0,10.449-4.678,10.449-10.449 v-13.794c0-5.771-4.679-10.449-10.449-10.449h-50.155c-5.77,0-10.449,4.678-10.449,10.449v61.823H305.1v-49.11h29.257v3.345 c0,5.771,4.679,10.449,10.449,10.449c5.77,0,10.449-4.678,10.449-10.449v-13.794c0-5.771-4.679-10.449-10.449-10.449h-50.155 c-5.77,0-10.449,4.678-10.449,10.449v59.559h-69.99v-49.11h29.257v3.345c0,5.771,4.679,10.449,10.449,10.449 c5.77,0,10.449-4.678,10.449-10.449v-13.794c0-5.771-4.679-10.449-10.449-10.449h-50.155c-5.77,0-10.449,4.678-10.449,10.449 v59.559h-9.586c-5.77,0-10.449,4.678-10.449,10.449c0,5.771,4.679,10.449,10.449,10.449H455.75c5.77,0,10.449-4.678,10.449-10.449 C466.199,310.311,461.52,305.633,455.75,305.633z\"><\/path> <\/g> <\/g> <g> <g> <path d=\"M435.73,281.364c-5.77,0-10.449,4.678-10.449,10.449v0.264c0,5.771,4.679,10.449,10.449,10.449 c5.77,0,10.449-4.678,10.449-10.449v-0.264C446.179,286.042,441.5,281.364,435.73,281.364z\"><\/path> <\/g> <\/g> <g> <g> <path d=\"M501.551,82.547c5.77,0,10.449-4.678,10.449-10.449v-49.11c0-5.771-4.679-10.449-10.449-10.449H137.926 c-5.77,0-10.449,4.678-10.449,10.449v49.11c0,5.771,4.679,10.449,10.449,10.449h8.34v113.555 c-12.402-11.621-29.244-18.905-47.49-18.905c-36.143,0-65.547,29.355-65.547,65.439c0,8.54,1.672,16.964,4.884,24.797 c-23.991,18.617-38.059,47.037-38.059,77.734c0,50.805,38.714,92.751,88.24,97.994v35.403H10.449 C4.679,478.563,0,483.241,0,489.012c0,5.771,4.679,10.449,10.449,10.449h491.102c5.77,0,10.449-4.678,10.449-10.449 c0-5.771-4.679-10.449-10.449-10.449h-8.34V82.547H501.551z M146.267,478.563h-37.075v-35.424 c13.011-1.387,25.638-5.339,37.075-11.594V478.563z M146.269,406.67c-10.931,8.428-23.564,13.687-37.075,15.464v-61.482 c0-0.003,0-0.007,0-0.01v-67.737l19.786-19.785c4.08-4.08,4.08-10.697,0-14.777c-4.08-4.08-10.695-4.08-14.778,0l-5.008,5.008 v-9.242c0-5.771-4.679-10.449-10.449-10.449c-5.77,0-10.449,4.678-10.449,10.449v34.462c0,0.003,0,0.007,0,0.01v46.838 l-21.203-21.203c-4.079-4.08-10.693-4.08-14.778,0c-4.08,4.08-4.08,10.697,0,14.777l35.979,35.98v57.119 c-37.971-5.126-67.342-37.658-67.342-76.926c0-26.675,13.499-51.175,36.11-65.537c4.78-3.036,6.271-9.33,3.361-14.189 c-4.118-6.875-6.294-14.761-6.294-22.804c0-24.559,20.03-44.541,44.65-44.541c25.265,0,47.427,20.813,47.427,44.541 c0,0.381,0.023,0.759,0.064,1.13V406.67z M363.631,478.563h-73.1l34.62-34.62c4.08-4.08,4.08-10.697,0-14.777 s-10.695-4.08-14.778,0l-34.513,34.513v-35.582l70.133-70.133h17.639V478.563z M275.86,398.542v-40.578h40.578L275.86,398.542z M384.53,478.563V347.515c0-5.771-4.679-10.449-10.449-10.449h-32.412h-0.01H265.41c-5.77,0-10.449,4.678-10.449,10.449v131.048 h-87.797V82.547h305.147v396.016H384.53z M491.102,61.649h-8.34H156.716h-8.34V33.437h342.727V61.649z\"><\/path> <\/g> <\/g> <g> <g> <path d=\"M228.305,356.877h-34.482c-5.77,0-10.449,4.678-10.449,10.449v63.783c0,5.771,4.679,10.449,10.449,10.449 c5.77,0,10.449-4.678,10.449-10.449v-53.334h13.584v2.118c0,5.771,4.679,10.449,10.449,10.449c5.77,0,10.449-4.678,10.449-10.449 v-12.567C238.754,361.555,234.076,356.877,228.305,356.877z\"><\/path> <\/g> <\/g> <g> <g> <path d=\"M228.305,398.548c-5.77,0-10.449,4.678-10.449,10.449v0.241c0,5.771,4.679,10.449,10.449,10.449 c5.77,0,10.449-4.678,10.449-10.449v-0.241C238.754,403.226,234.076,398.548,228.305,398.548z\"><\/path> <\/g> <\/g> <g> <g> <path d=\"M445.67,356.877h-34.482c-5.77,0-10.449,4.678-10.449,10.449v63.783c0,5.771,4.679,10.449,10.449,10.449 s10.449-4.678,10.449-10.449v-53.334h13.584v2.118c0,5.771,4.679,10.449,10.449,10.449s10.449-4.678,10.449-10.449v-12.567 C456.119,361.555,451.44,356.877,445.67,356.877z\"><\/path> <\/g> <\/g> <g> <g> <path d=\"M445.67,398.548c-5.77,0-10.449,4.678-10.449,10.449v0.241c0,5.771,4.679,10.449,10.449,10.449 s10.449-4.678,10.449-10.449v-0.241C456.119,403.226,451.44,398.548,445.67,398.548z\"><\/path> <\/g> <\/g> <\/g><\/svg>                                                    <\/div>\n                <\/div>\n            \n            <div class=\"aux-text-inner aux-text-widget-content\">\n                                <h4 class=\"col-title\">Office address:<\/h4>\n                                <div class=\"widget-content\">\n                                        <p>ELLA Apartments<br \/>Svatopluka \u010cecha 251<br \/>760 01 Zl\u00edn 1-Pr\u0161tn\u00e9<\/p>                <\/div>\n                            <\/div>\n        <\/div>\n                    <div class=\"aux-text-widget-footer\">\n                <div class=\"aux-border-shape-none\">\n                                <\/div>\n            <\/div>\n        \n<\/section><!-- widget-container -->\t\t<\/div>\n\t\t\t\t<\/div>\n\t\t\t\t\t<\/div>\n\t\t<\/div>\n\t\t\t\t\t<\/div>\n\t\t<\/section>\n\t\t\t\t\t<\/div>\n\t\t<\/div>\n\t\t\t\t\t<\/div>\n\t\t<\/section>\n\t\t\t\t<section class=\"elementor-section elementor-top-section elementor-element elementor-element-5eb7e66 elementor-section-boxed elementor-section-height-default elementor-section-height-default\" data-id=\"5eb7e66\" data-element_type=\"section\">\n\t\t\t\t\t\t<div class=\"elementor-container elementor-column-gap-no\">\n\t\t\t\t\t<div class=\"aux-parallax-section elementor-column elementor-col-100 elementor-top-column elementor-element elementor-element-3f5f876\" data-id=\"3f5f876\" data-element_type=\"column\">\n\t\t\t<div class=\"elementor-widget-wrap elementor-element-populated\">\n\t\t\t\t\t\t<div class=\"elementor-element elementor-element-ad8cb14 elementor-widget elementor-widget-html\" data-id=\"ad8cb14\" data-element_type=\"widget\" data-widget_type=\"html.default\">\n\t\t\t\t<div class=\"elementor-widget-container\">\n\t\t\t<iframe style=\"border:none\" src=\"https:\/\/frame.mapy.cz\/s\/lajugomelo\" width=\"700\" height=\"466\" frameborder=\"0\"><\/iframe>\t\t<\/div>\n\t\t\t\t<\/div>\n\t\t\t\t\t<\/div>\n\t\t<\/div>\n\t\t\t\t\t<\/div>\n\t\t<\/section>\n\t\t<div class=\"elementor-element elementor-element-08271f1 e-flex e-con-boxed e-con e-parent\" data-id=\"08271f1\" data-element_type=\"container\">\n\t\t\t\t\t<div class=\"e-con-inner\">\n\t\t\t\t<div class=\"elementor-element elementor-element-58f5a32 elementor-widget elementor-widget-spacer\" data-id=\"58f5a32\" data-element_type=\"widget\" data-widget_type=\"spacer.default\">\n\t\t\t\t<div class=\"elementor-widget-container\">\n\t\t\t\t\t<div class=\"elementor-spacer\">\n\t\t\t<div class=\"elementor-spacer-inner\"><\/div>\n\t\t<\/div>\n\t\t\t\t<\/div>\n\t\t\t\t<\/div>\n\t\t\t\t\t<\/div>\n\t\t\t\t<\/div>\n\t\t\t\t<\/div>","protected":false},"excerpt":{"rendered":"<p>Spojte se s n\u00e1mi Email: info@ellaapartments.cz Telefon: +420 774 428 879 Adresa provozovny: ELLA ApartmentsSvatopluka \u010cecha 251760 01 Zl\u00edn 1-Pr\u0161tn\u00e9<\/p>","protected":false},"author":1,"featured_media":0,"parent":0,"menu_order":0,"comment_status":"closed","ping_status":"closed","template":"templates\/page-builder-content.php","meta":{"footnotes":""},"class_list":["post-68","page","type-page","status-publish","hentry"],"_links":{"self":[{"href":"https:\/\/ellaapartments.cz\/en\/wp-json\/wp\/v2\/pages\/68","targetHints":{"allow":["GET"]}}],"collection":[{"href":"https:\/\/ellaapartments.cz\/en\/wp-json\/wp\/v2\/pages"}],"about":[{"href":"https:\/\/ellaapartments.cz\/en\/wp-json\/wp\/v2\/types\/page"}],"author":[{"embeddable":true,"href":"https:\/\/ellaapartments.cz\/en\/wp-json\/wp\/v2\/users\/1"}],"replies":[{"embeddable":true,"href":"https:\/\/ellaapartments.cz\/en\/wp-json\/wp\/v2\/comments?post=68"}],"version-history":[{"count":54,"href":"https:\/\/ellaapartments.cz\/en\/wp-json\/wp\/v2\/pages\/68\/revisions"}],"predecessor-version":[{"id":794,"href":"https:\/\/ellaapartments.cz\/en\/wp-json\/wp\/v2\/pages\/68\/revisions\/794"}],"wp:attachment":[{"href":"https:\/\/ellaapartments.cz\/en\/wp-json\/wp\/v2\/media?parent=68"}],"curies":[{"name":"wp","href":"https:\/\/api.w.org\/{rel}","templated":true}]}}